{"id":3742,"date":"2020-03-31T15:01:02","date_gmt":"2020-03-31T15:01:02","guid":{"rendered":"http:\/\/www.portan.com\/?page_id=3742"},"modified":"2020-04-11T21:26:44","modified_gmt":"2020-04-11T21:26:44","slug":"politicas-de-privacidad","status":"publish","type":"page","link":"https:\/\/portan.com\/en\/politicas-de-privacidad\/","title":{"rendered":"Privacy policies"},"content":{"rendered":"<p>{\u00abmain-title\u00bb:{\u00abcomponent\u00bb:\u00bbhc_title\u00bb,\u00bbid\u00bb:\u00bbmain-title\u00bb,\u00bbsubtitle\u00bb:\u00bb\u00bb,\u00bbtitle_content\u00bb:{\u00abcomponent\u00bb:\u00bbhc_title_base\u00bb,\u00bbid\u00bb:\u00bbtitle-base\u00bb,\u00bbimage\u00bb:\u00bb\u00bb},\u00bbtitle\u00bb:\u00bbPol\u00edticas de privacidad\u00bb},\u00bbsection_5ZtkF\u00bb:{\u00abcomponent\u00bb:\u00bbhc_section\u00bb,\u00bbid\u00bb:\u00bbsection_5ZtkF\u00bb,\u00bbsection_width\u00bb:\u00bb\u00bb,\u00bbanimation\u00bb:\u00bb\u00bb,\u00bbanimation_time\u00bb:\u00bb\u00bb,\u00bbtimeline_animation\u00bb:\u00bb\u00bb,\u00bbtimeline_delay\u00bb:\u00bb\u00bb,\u00bbtimeline_order\u00bb:\u00bb\u00bb,\u00bbvertical_row\u00bb:\u00bb\u00bb,\u00bbbox_middle\u00bb:\u00bb\u00bb,\u00bbcss_classes\u00bb:\u00bb\u00bb,\u00bbcustom_css_classes\u00bb:\u00bb\u00bb,\u00bbcustom_css_styles\u00bb:\u00bb\u00bb,\u00bbsection_content\u00bb:[{\u00abcomponent\u00bb:\u00bbhc_column\u00bb,\u00bbid\u00bb:\u00bbcolumn_5SOxk\u00bb,\u00bbcolumn_width\u00bb:\u00bbcol-md-12&#8243;,\u00bbanimation\u00bb:\u00bb\u00bb,\u00bbanimation_time\u00bb:\u00bb\u00bb,\u00bbtimeline_animation\u00bb:\u00bb\u00bb,\u00bbtimeline_delay\u00bb:\u00bb\u00bb,\u00bbtimeline_order\u00bb:\u00bb\u00bb,\u00bbcss_classes\u00bb:\u00bb\u00bb,\u00bbcustom_css_classes\u00bb:\u00bb\u00bb,\u00bbcustom_css_styles\u00bb:\u00bb\u00bb,\u00bbmain_content\u00bb:[{\u00abcomponent\u00bb:\u00bbhc_accordion\u00bb,\u00bbid\u00bb:\u00bblXh31&#8243;,\u00bbcss_classes\u00bb:\u00bb\u00bb,\u00bbcustom_css_classes\u00bb:\u00bb\u00bb,\u00bbcustom_css_styles\u00bb:\u00bb\u00bb,\u00bbname_1&#8243;:\u00bbPol\u00edticas Anticorrupci\u00f3n y antisoborno \u00ab,\u00bbicon_1&#8243;:\u00bb\u00bb,\u00bbicon_style_1&#8243;:\u00bb\u00bb,\u00bbicon_image_1&#8243;:\u00bb\u00bb,\u00bbcontent_1&#8243;:[{\u00abcomponent\u00bb:\u00bbhc_column\u00bb,\u00bbid\u00bb:\u00bbcolumn_IT8tq\u00bb,\u00bbcolumn_width\u00bb:\u00bbcol-md-12&#8243;,\u00bbanimation\u00bb:\u00bb\u00bb,\u00bbanimation_time\u00bb:\u00bb\u00bb,\u00bbtimeline_animation\u00bb:\u00bb\u00bb,\u00bbtimeline_delay\u00bb:\u00bb\u00bb,\u00bbtimeline_order\u00bb:\u00bb\u00bb,\u00bbcss_classes\u00bb:\u00bb\u00bb,\u00bbcustom_css_classes\u00bb:\u00bb\u00bb,\u00bbcustom_css_styles\u00bb:\u00bb\u00bb,\u00bbmain_content\u00bb:[{\u00abcomponent\u00bb:\u00bbhc_text_block\u00bb,\u00bbid\u00bb:\u00bbhjBpK\u00bb,\u00bbcss_classes\u00bb:\u00bb\u00bb,\u00bbcustom_css_classes\u00bb:\u00bb\u00bb,\u00bbcustom_css_styles\u00bb:\u00bb\u00bb,\u00bbcontent\u00bb:\u00bbPORTAN se compromete a adherirse a los m\u00e1s altos est\u00e1ndares \u00e9ticos y cumplir con todas las leyes y reglamentaciones tanto nacionales como internacionales en materia anticorrupci\u00f3n y anti soborno, Aclarando que la Compa\u00f1\u00eda tiene cero tolerancia frente a cualquier conducta que pudiera considerarse soborno o que pueda, de alguna manera considerarse corrupta.\\nPORTAN integra y adopta lineamientos internacionales tales como:\\nCarta estatutaria Antisoborno y Anticorrupci\u00f3n Fidi.\\nResoluci\u00f3n 58\/4 de la Asamblea General del 31 de octubre de 2003 de las Naciones Unidas.\\nhttps:\/\/www.unodc.org\/documents\/mexicoandcentralamerica\/publications\/Corrupcion\/Convencion_de_las_NU_contra_la_Corrupcion.pdf\u00bb}]}],\u00bbname_2&#8243;:\u00bbPol\u00edtica Antimonopolio \u00ab,\u00bbicon_2&#8243;:\u00bb\u00bb,\u00bbicon_style_2&#8243;:\u00bb\u00bb,\u00bbicon_image_2&#8243;:\u00bb\u00bb,\u00bbcontent_2&#8243;:[{\u00abcomponent\u00bb:\u00bbhc_column\u00bb,\u00bbid\u00bb:\u00bbcolumn_LcWD2&#8243;,\u00bbcolumn_width\u00bb:\u00bbcol-md-12&#8243;,\u00bbanimation\u00bb:\u00bb\u00bb,\u00bbanimation_time\u00bb:\u00bb\u00bb,\u00bbtimeline_animation\u00bb:\u00bb\u00bb,\u00bbtimeline_delay\u00bb:\u00bb\u00bb,\u00bbtimeline_order\u00bb:\u00bb\u00bb,\u00bbcss_classes\u00bb:\u00bb\u00bb,\u00bbcustom_css_classes\u00bb:\u00bb\u00bb,\u00bbcustom_css_styles\u00bb:\u00bb\u00bb,\u00bbmain_content\u00bb:[{\u00abcomponent\u00bb:\u00bbhc_text_block\u00bb,\u00bbid\u00bb:\u00bbkHTiF\u00bb,\u00bbcss_classes\u00bb:\u00bb\u00bb,\u00bbcustom_css_classes\u00bb:\u00bb\u00bb,\u00bbcustom_css_styles\u00bb:\u00bb\u00bb,\u00bbcontent\u00bb:\u00bbEstamos comprometidos con el fomento de la competencia del mercado, con pol\u00edticas antimonopolio basadas en los m\u00e1s altos est\u00e1ndares y principios de conducta y \u00e9tica en general, ajustados bajo el estricto cumplimiento a las leyes tanto nacionales como internacionales. \u00ab}]}],\u00bbname_3&#8243;:\u00bbProtecci\u00f3n De Datos\u00bb,\u00bbicon_3&#8243;:\u00bb\u00bb,\u00bbicon_style_3&#8243;:\u00bb\u00bb,\u00bbicon_image_3&#8243;:\u00bb\u00bb,\u00bbcontent_3&#8243;:[{\u00abcomponent\u00bb:\u00bbhc_column\u00bb,\u00bbid\u00bb:\u00bbcolumn_09XRm\u00bb,\u00bbcolumn_width\u00bb:\u00bbcol-md-12&#8243;,\u00bbanimation\u00bb:\u00bb\u00bb,\u00bbanimation_time\u00bb:\u00bb\u00bb,\u00bbtimeline_animation\u00bb:\u00bb\u00bb,\u00bbtimeline_delay\u00bb:\u00bb\u00bb,\u00bbtimeline_order\u00bb:\u00bb\u00bb,\u00bbcss_classes\u00bb:\u00bb\u00bb,\u00bbcustom_css_classes\u00bb:\u00bb\u00bb,\u00bbcustom_css_styles\u00bb:\u00bb\u00bb,\u00bbmain_content\u00bb:[{\u00abcomponent\u00bb:\u00bbhc_text_block\u00bb,\u00bbid\u00bb:\u00bbQC7y8&#8243;,\u00bbcss_classes\u00bb:\u00bb\u00bb,\u00bbcustom_css_classes\u00bb:\u00bb\u00bb,\u00bbcustom_css_styles\u00bb:\u00bb\u00bb,\u00bbcontent\u00bb:\u00bbAjustados a las pol\u00edticas internacionales PORTAN S.A. solamente permitir\u00e1 que se conozcan o manejen datos personales de sus clientes con fines definidos en la naturaleza del negocio y con el consentimiento impl\u00edcito o expl\u00edcito de la persona. \\nEl uso, recolecci\u00f3n, revelaci\u00f3n, disposici\u00f3n de la informaci\u00f3n en Portan S.A se realizar\u00e1 de manera adecuada bajo los par\u00e1metros de seguridad establecidos por la industria y en cumplimiento de las normas que regulan el manejo de informaci\u00f3n mediante mecanismos eficientes establecidos previamente por la gerencia con asesor\u00eda de los expertos pertinentes.\\nTodos los empleados, proveedores y dem\u00e1s actores de nuestra cadena log\u00edstica est\u00e1n en la obligaci\u00f3n de informar a la gerencia en caso de conocer o sospechar que se presentan anomal\u00edas con la recolecci\u00f3n, uso, retenci\u00f3n, revelaci\u00f3n, disposici\u00f3n de la informaci\u00f3n, por parte de cualquier persona que intervenga directa o indirectamente en el proceso, esto con el fin de tomar las medidas legales que correspondan de acuerdo a la ley estatutaria 1581 de 2012 decreto nacional 1377 de 2013 y los lineamientos internacionales asociados a la industria de las mudanzas internacionales tratamiento de informaci\u00f3n y protecci\u00f3n de datos personales.\u00bb}]}],\u00bbname_4&#8243;:\u00bbNivel de Servicio\u00bb,\u00bbicon_4&#8243;:\u00bb\u00bb,\u00bbicon_style_4&#8243;:\u00bb\u00bb,\u00bbicon_image_4&#8243;:\u00bb\u00bb,\u00bbcontent_4&#8243;:[{\u00abcomponent\u00bb:\u00bbhc_column\u00bb,\u00bbid\u00bb:\u00bbcolumn_VtCYf\u00bb,\u00bbcolumn_width\u00bb:\u00bbcol-md-12&#8243;,\u00bbanimation\u00bb:\u00bb\u00bb,\u00bbanimation_time\u00bb:\u00bb\u00bb,\u00bbtimeline_animation\u00bb:\u00bb\u00bb,\u00bbtimeline_delay\u00bb:\u00bb\u00bb,\u00bbtimeline_order\u00bb:\u00bb\u00bb,\u00bbcss_classes\u00bb:\u00bb\u00bb,\u00bbcustom_css_classes\u00bb:\u00bb\u00bb,\u00bbcustom_css_styles\u00bb:\u00bb\u00bb,\u00bbmain_content\u00bb:[{\u00abcomponent\u00bb:\u00bbhc_text_block\u00bb,\u00bbid\u00bb:\u00bbzsSBQ\u00bb,\u00bbcss_classes\u00bb:\u00bb\u00bb,\u00bbcustom_css_classes\u00bb:\u00bb\u00bb,\u00bbcustom_css_styles\u00bb:\u00bb\u00bb,\u00bbcontent\u00bb:\u00bbPORTAN S.A en cumplimiento de los m\u00e1s altos est\u00e1ndares de calidad de la industria de las mudanzas internacionales y como miembro activo de FIDI mediante su certificaci\u00f3n FAIM, ha desarrollado pol\u00edticas que se aplican a nuestros empleados, proveedores y agentes de negocios a nivel mundial. Para mayor informaci\u00f3n de nivel de servicio comun\u00edquese con portan@portan.com \u00ab}]}],\u00bbname_5&#8243;:\u00bbC\u00f3digo de conducta\u00bb,\u00bbicon_5&#8243;:\u00bb\u00bb,\u00bbicon_style_5&#8243;:\u00bb\u00bb,\u00bbicon_image_5&#8243;:\u00bb\u00bb,\u00bbcontent_5&#8243;:[{\u00abcomponent\u00bb:\u00bbhc_column\u00bb,\u00bbid\u00bb:\u00bbcolumn_dbRKp\u00bb,\u00bbcolumn_width\u00bb:\u00bbcol-md-12&#8243;,\u00bbanimation\u00bb:\u00bb\u00bb,\u00bbanimation_time\u00bb:\u00bb\u00bb,\u00bbtimeline_animation\u00bb:\u00bb\u00bb,\u00bbtimeline_delay\u00bb:\u00bb\u00bb,\u00bbtimeline_order\u00bb:\u00bb\u00bb,\u00bbcss_classes\u00bb:\u00bb\u00bb,\u00bbcustom_css_classes\u00bb:\u00bb\u00bb,\u00bbcustom_css_styles\u00bb:\u00bb\u00bb,\u00bbmain_content\u00bb:[{\u00abcomponent\u00bb:\u00bbhc_text_block\u00bb,\u00bbid\u00bb:\u00bb0bfDj\u00bb,\u00bbcss_classes\u00bb:\u00bb\u00bb,\u00bbcustom_css_classes\u00bb:\u00bb\u00bb,\u00bbcustom_css_styles\u00bb:\u00bb\u00bb,\u00bbcontent\u00bb:\u00bbEl compromiso de cumplimiento de las normas existentes en PORTAN se extiende a todos los asuntos, incluyendo las decisiones relativas al comercio, inversi\u00f3n, subcontrataci\u00f3n, suministro, desarrollo econ\u00f3mico y cualquier otro asunto y relaci\u00f3n laboral. El enfoque de PORTAN S.A. para la aplicaci\u00f3n de este C\u00f3digo de conducta ser\u00e1 activo, abierto y \u00e9ticamente correcto. Para mayor informaci\u00f3n del c\u00f3digo de conducta comun\u00edquese con portan@portan.com\u00bb}]}],\u00bbname_6&#8243;:\u00bbAviso Legal\u00bb,\u00bbicon_6&#8243;:\u00bb\u00bb,\u00bbicon_style_6&#8243;:\u00bb\u00bb,\u00bbicon_image_6&#8243;:\u00bb\u00bb,\u00bbcontent_6&#8243;:[{\u00abcomponent\u00bb:\u00bbhc_column\u00bb,\u00bbid\u00bb:\u00bbcolumn_bD9xW\u00bb,\u00bbcolumn_width\u00bb:\u00bbcol-md-12&#8243;,\u00bbanimation\u00bb:\u00bb\u00bb,\u00bbanimation_time\u00bb:\u00bb\u00bb,\u00bbtimeline_animation\u00bb:\u00bb\u00bb,\u00bbtimeline_delay\u00bb:\u00bb\u00bb,\u00bbtimeline_order\u00bb:\u00bb\u00bb,\u00bbcss_classes\u00bb:\u00bb\u00bb,\u00bbcustom_css_classes\u00bb:\u00bb\u00bb,\u00bbcustom_css_styles\u00bb:\u00bb\u00bb,\u00bbmain_content\u00bb:[{\u00abcomponent\u00bb:\u00bbhc_text_block\u00bb,\u00bbid\u00bb:\u00bb3AGlc\u00bb,\u00bbcss_classes\u00bb:\u00bb\u00bb,\u00bbcustom_css_classes\u00bb:\u00bb\u00bb,\u00bbcustom_css_styles\u00bb:\u00bb\u00bb,\u00bbcontent\u00bb:\u00bbEl contenido de este sitio web es propiedad de PORTAN e informa que La utilizaci\u00f3n de nuestro sitio implica la aceptaci\u00f3n plena y sin reservas a todas y cada una de las disposiciones incluidas en este Aviso Legal, por lo que, si usted no est\u00e1 de acuerdo con cualquiera de las condiciones aqu\u00ed establecidas, no deber\u00e1 usar u\/o acceder a este sitio web,  El uso no autorizado, la reproducci\u00f3n o la distribuci\u00f3n del contenido de este sitio, o cualquier parte del mismo, est\u00e1 estrictamente prohibido. En PORTAN nos reservamos el derecho a modificar esta Declaraci\u00f3n de Privacidad en cualquier momento.\u00bb}]}],\u00bbname_7&#8243;:\u00bb\u00bb,\u00bbicon_7&#8243;:\u00bb\u00bb,\u00bbicon_style_7&#8243;:\u00bb\u00bb,\u00bbicon_image_7&#8243;:\u00bb\u00bb,\u00bbcontent_7&#8243;:[],\u00bbname_8&#8243;:\u00bb\u00bb,\u00bbicon_8&#8243;:\u00bb\u00bb,\u00bbicon_style_8&#8243;:\u00bb\u00bb,\u00bbicon_image_8&#8243;:\u00bb\u00bb,\u00bbcontent_8&#8243;:[],\u00bbname_9&#8243;:\u00bb\u00bb,\u00bbicon_9&#8243;:\u00bb\u00bb,\u00bbicon_style_9&#8243;:\u00bb\u00bb,\u00bbicon_image_9&#8243;:\u00bb\u00bb,\u00bbcontent_9&#8243;:[],\u00bbname_10&#8243;:\u00bb\u00bb,\u00bbicon_10&#8243;:\u00bb\u00bb,\u00bbicon_style_10&#8243;:\u00bb\u00bb,\u00bbicon_image_10&#8243;:\u00bb\u00bb,\u00bbcontent_10&#8243;:[],\u00bbopen_type\u00bb:\u00bb\u00bb,\u00bbtime\u00bb:\u00bb\u00bb}]}],\u00bbsection_settings\u00bb:\u00bb\u00bb},\u00bbscripts\u00bb:{\u00abcomponents\u00bb:\u00bbjquery.tab-accordion.js\u00bb},\u00bbcss\u00bb:{\u00abcomponents\u00bb:\u00bbcss\/components.css\u00bb},\u00bbcss_page\u00bb:\u00bb\u00bb,\u00bbtemplate_setting\u00bb:{\u00absettings\u00bb:{\u00abid\u00bb:\u00bbsettings\u00bb}},\u00bbtemplate_setting_top\u00bb:{},\u00bbpage_setting\u00bb:{\u00absettings\u00bb:[\u00ablock-mode-off\u00bb]}}<\/p>\n","protected":false},"excerpt":{"rendered":"<p>{\u00abmain-title\u00bb:{\u00abcomponent\u00bb:\u00bbhc_title\u00bb,\u00bbid\u00bb:\u00bbmain-title\u00bb,\u00bbsubtitle\u00bb:\u00bb\u00bb,\u00bbtitle_content\u00bb:{\u00abcomponent\u00bb:\u00bbhc_title_base\u00bb,\u00bbid\u00bb:\u00bbtitle-base\u00bb,\u00bbimage\u00bb:\u00bb\u00bb},\u00bbtitle\u00bb:\u00bbPol\u00edticas de privacidad\u00bb},\u00bbsection_5ZtkF\u00bb:{\u00abcomponent\u00bb:\u00bbhc_section\u00bb,\u00bbid\u00bb:\u00bbsection_5ZtkF\u00bb,\u00bbsection_width\u00bb:\u00bb\u00bb,\u00bbanimation\u00bb:\u00bb\u00bb,\u00bbanimation_time\u00bb:\u00bb\u00bb,\u00bbtimeline_animation\u00bb:\u00bb\u00bb,\u00bbtimeline_delay\u00bb:\u00bb\u00bb,\u00bbtimeline_order\u00bb:\u00bb\u00bb,\u00bbvertical_row\u00bb:\u00bb\u00bb,\u00bbbox_middle\u00bb:\u00bb\u00bb,\u00bbcss_classes\u00bb:\u00bb\u00bb,\u00bbcustom_css_classes\u00bb:\u00bb\u00bb,\u00bbcustom_css_styles\u00bb:\u00bb\u00bb,\u00bbsection_content\u00bb:[{\u00abcomponent\u00bb:\u00bbhc_column\u00bb,\u00bbid\u00bb:\u00bbcolumn_5SOxk\u00bb,\u00bbcolumn_width\u00bb:\u00bbcol-md-12&#8243;,\u00bbanimation\u00bb:\u00bb\u00bb,\u00bbanimation_time\u00bb:\u00bb\u00bb,\u00bbtimeline_animation\u00bb:\u00bb\u00bb,\u00bbtimeline_delay\u00bb:\u00bb\u00bb,\u00bbtimeline_order\u00bb:\u00bb\u00bb,\u00bbcss_classes\u00bb:\u00bb\u00bb,\u00bbcustom_css_classes\u00bb:\u00bb\u00bb,\u00bbcustom_css_styles\u00bb:\u00bb\u00bb,\u00bbmain_content\u00bb:[{\u00abcomponent\u00bb:\u00bbhc_accordion\u00bb,\u00bbid\u00bb:\u00bblXh31&#8243;,\u00bbcss_classes\u00bb:\u00bb\u00bb,\u00bbcustom_css_classes\u00bb:\u00bb\u00bb,\u00bbcustom_css_styles\u00bb:\u00bb\u00bb,\u00bbname_1&#8243;:\u00bbPol\u00edticas Anticorrupci\u00f3n y antisoborno \u00ab,\u00bbicon_1&#8243;:\u00bb\u00bb,\u00bbicon_style_1&#8243;:\u00bb\u00bb,\u00bbicon_image_1&#8243;:\u00bb\u00bb,\u00bbcontent_1&#8243;:[{\u00abcomponent\u00bb:\u00bbhc_column\u00bb,\u00bbid\u00bb:\u00bbcolumn_IT8tq\u00bb,\u00bbcolumn_width\u00bb:\u00bbcol-md-12&#8243;,\u00bbanimation\u00bb:\u00bb\u00bb,\u00bbanimation_time\u00bb:\u00bb\u00bb,\u00bbtimeline_animation\u00bb:\u00bb\u00bb,\u00bbtimeline_delay\u00bb:\u00bb\u00bb,\u00bbtimeline_order\u00bb:\u00bb\u00bb,\u00bbcss_classes\u00bb:\u00bb\u00bb,\u00bbcustom_css_classes\u00bb:\u00bb\u00bb,\u00bbcustom_css_styles\u00bb:\u00bb\u00bb,\u00bbmain_content\u00bb:[{\u00abcomponent\u00bb:\u00bbhc_text_block\u00bb,\u00bbid\u00bb:\u00bbhjBpK\u00bb,\u00bbcss_classes\u00bb:\u00bb\u00bb,\u00bbcustom_css_classes\u00bb:\u00bb\u00bb,\u00bbcustom_css_styles\u00bb:\u00bb\u00bb,\u00bbcontent\u00bb:\u00bbPORTAN se compromete a adherirse a los m\u00e1s altos est\u00e1ndares \u00e9ticos y cumplir con todas las leyes y reglamentaciones tanto nacionales como internacionales en materia anticorrupci\u00f3n y anti soborno, Aclarando que la Compa\u00f1\u00eda tiene cero tolerancia frente a cualquier conducta que pudiera considerarse soborno o que pueda, de alguna [&hellip;]<\/p>\n","protected":false},"author":1,"featured_media":0,"parent":0,"menu_order":0,"comment_status":"closed","ping_status":"closed","template":"","meta":{"footnotes":""},"class_list":["post-3742","page","type-page","status-publish","hentry"],"yoast_head":"<!-- This site is optimized with the Yoast SEO plugin v26.9 - https:\/\/yoast.com\/product\/yoast-seo-wordpress\/ -->\n<title>Pol\u00edticas de privacidad - Portan S.A.S.<\/title>\n<meta name=\"description\" content=\"Conozca las politicas de privacidad, calidad de servicio y protecci\u00f3n de datos de Portan S.A.\" \/>\n<meta name=\"robots\" content=\"index, follow, max-snippet:-1, max-image-preview:large, max-video-preview:-1\" \/>\n<link rel=\"canonical\" href=\"https:\/\/portan.com\/en\/politicas-de-privacidad\/\" \/>\n<meta property=\"og:locale\" content=\"en_US\" \/>\n<meta property=\"og:type\" content=\"article\" \/>\n<meta property=\"og:title\" content=\"Pol\u00edticas de privacidad - Portan S.A.S.\" \/>\n<meta property=\"og:description\" content=\"Conozca las politicas de privacidad, calidad de servicio y protecci\u00f3n de datos de Portan S.A.\" \/>\n<meta property=\"og:url\" content=\"https:\/\/portan.com\/en\/politicas-de-privacidad\/\" \/>\n<meta property=\"og:site_name\" content=\"Portan S.A.S.\" \/>\n<meta property=\"article:modified_time\" content=\"2020-04-11T21:26:44+00:00\" \/>\n<meta name=\"twitter:card\" content=\"summary_large_image\" \/>\n<meta name=\"twitter:label1\" content=\"Est. reading time\" \/>\n\t<meta name=\"twitter:data1\" content=\"5 minutes\" \/>\n<script type=\"application\/ld+json\" class=\"yoast-schema-graph\">{\"@context\":\"https:\/\/schema.org\",\"@graph\":[{\"@type\":\"WebPage\",\"@id\":\"https:\/\/portan.com\/politicas-de-privacidad\/\",\"url\":\"https:\/\/portan.com\/politicas-de-privacidad\/\",\"name\":\"Pol\u00edticas de privacidad - Portan S.A.S.\",\"isPartOf\":{\"@id\":\"https:\/\/portan.com\/#website\"},\"datePublished\":\"2020-03-31T15:01:02+00:00\",\"dateModified\":\"2020-04-11T21:26:44+00:00\",\"description\":\"Conozca las politicas de privacidad, calidad de servicio y protecci\u00f3n de datos de Portan S.A.\",\"breadcrumb\":{\"@id\":\"https:\/\/portan.com\/politicas-de-privacidad\/#breadcrumb\"},\"inLanguage\":\"en-US\",\"potentialAction\":[{\"@type\":\"ReadAction\",\"target\":[\"https:\/\/portan.com\/politicas-de-privacidad\/\"]}]},{\"@type\":\"BreadcrumbList\",\"@id\":\"https:\/\/portan.com\/politicas-de-privacidad\/#breadcrumb\",\"itemListElement\":[{\"@type\":\"ListItem\",\"position\":1,\"name\":\"Home\",\"item\":\"https:\/\/portan.com\/\"},{\"@type\":\"ListItem\",\"position\":2,\"name\":\"Pol\u00edticas de privacidad\"}]},{\"@type\":\"WebSite\",\"@id\":\"https:\/\/portan.com\/#website\",\"url\":\"https:\/\/portan.com\/\",\"name\":\"Portan S.A.S.\",\"description\":\"Especialistas en mudanzas internacionales\",\"publisher\":{\"@id\":\"https:\/\/portan.com\/#organization\"},\"potentialAction\":[{\"@type\":\"SearchAction\",\"target\":{\"@type\":\"EntryPoint\",\"urlTemplate\":\"https:\/\/portan.com\/?s={search_term_string}\"},\"query-input\":{\"@type\":\"PropertyValueSpecification\",\"valueRequired\":true,\"valueName\":\"search_term_string\"}}],\"inLanguage\":\"en-US\"},{\"@type\":\"Organization\",\"@id\":\"https:\/\/portan.com\/#organization\",\"name\":\"Portan S.A.S.\",\"url\":\"https:\/\/portan.com\/\",\"logo\":{\"@type\":\"ImageObject\",\"inLanguage\":\"en-US\",\"@id\":\"https:\/\/portan.com\/#\/schema\/logo\/image\/\",\"url\":\"https:\/\/portan.com\/wp-content\/uploads\/2016\/12\/portan_logo_web2025.png\",\"contentUrl\":\"https:\/\/portan.com\/wp-content\/uploads\/2016\/12\/portan_logo_web2025.png\",\"width\":222,\"height\":52,\"caption\":\"Portan S.A.S.\"},\"image\":{\"@id\":\"https:\/\/portan.com\/#\/schema\/logo\/image\/\"}}]}<\/script>\n<!-- \/ Yoast SEO plugin. -->","yoast_head_json":{"title":"Pol\u00edticas de privacidad - Portan S.A.S.","description":"Conozca las politicas de privacidad, calidad de servicio y protecci\u00f3n de datos de Portan S.A.","robots":{"index":"index","follow":"follow","max-snippet":"max-snippet:-1","max-image-preview":"max-image-preview:large","max-video-preview":"max-video-preview:-1"},"canonical":"https:\/\/portan.com\/en\/politicas-de-privacidad\/","og_locale":"en_US","og_type":"article","og_title":"Pol\u00edticas de privacidad - Portan S.A.S.","og_description":"Conozca las politicas de privacidad, calidad de servicio y protecci\u00f3n de datos de Portan S.A.","og_url":"https:\/\/portan.com\/en\/politicas-de-privacidad\/","og_site_name":"Portan S.A.S.","article_modified_time":"2020-04-11T21:26:44+00:00","twitter_card":"summary_large_image","twitter_misc":{"Est. reading time":"5 minutes"},"schema":{"@context":"https:\/\/schema.org","@graph":[{"@type":"WebPage","@id":"https:\/\/portan.com\/politicas-de-privacidad\/","url":"https:\/\/portan.com\/politicas-de-privacidad\/","name":"Pol\u00edticas de privacidad - Portan S.A.S.","isPartOf":{"@id":"https:\/\/portan.com\/#website"},"datePublished":"2020-03-31T15:01:02+00:00","dateModified":"2020-04-11T21:26:44+00:00","description":"Conozca las politicas de privacidad, calidad de servicio y protecci\u00f3n de datos de Portan S.A.","breadcrumb":{"@id":"https:\/\/portan.com\/politicas-de-privacidad\/#breadcrumb"},"inLanguage":"en-US","potentialAction":[{"@type":"ReadAction","target":["https:\/\/portan.com\/politicas-de-privacidad\/"]}]},{"@type":"BreadcrumbList","@id":"https:\/\/portan.com\/politicas-de-privacidad\/#breadcrumb","itemListElement":[{"@type":"ListItem","position":1,"name":"Home","item":"https:\/\/portan.com\/"},{"@type":"ListItem","position":2,"name":"Pol\u00edticas de privacidad"}]},{"@type":"WebSite","@id":"https:\/\/portan.com\/#website","url":"https:\/\/portan.com\/","name":"Portan S.A.S.","description":"Especialistas en mudanzas internacionales","publisher":{"@id":"https:\/\/portan.com\/#organization"},"potentialAction":[{"@type":"SearchAction","target":{"@type":"EntryPoint","urlTemplate":"https:\/\/portan.com\/?s={search_term_string}"},"query-input":{"@type":"PropertyValueSpecification","valueRequired":true,"valueName":"search_term_string"}}],"inLanguage":"en-US"},{"@type":"Organization","@id":"https:\/\/portan.com\/#organization","name":"Portan S.A.S.","url":"https:\/\/portan.com\/","logo":{"@type":"ImageObject","inLanguage":"en-US","@id":"https:\/\/portan.com\/#\/schema\/logo\/image\/","url":"https:\/\/portan.com\/wp-content\/uploads\/2016\/12\/portan_logo_web2025.png","contentUrl":"https:\/\/portan.com\/wp-content\/uploads\/2016\/12\/portan_logo_web2025.png","width":222,"height":52,"caption":"Portan S.A.S."},"image":{"@id":"https:\/\/portan.com\/#\/schema\/logo\/image\/"}}]}},"_links":{"self":[{"href":"https:\/\/portan.com\/en\/wp-json\/wp\/v2\/pages\/3742","targetHints":{"allow":["GET"]}}],"collection":[{"href":"https:\/\/portan.com\/en\/wp-json\/wp\/v2\/pages"}],"about":[{"href":"https:\/\/portan.com\/en\/wp-json\/wp\/v2\/types\/page"}],"author":[{"embeddable":true,"href":"https:\/\/portan.com\/en\/wp-json\/wp\/v2\/users\/1"}],"replies":[{"embeddable":true,"href":"https:\/\/portan.com\/en\/wp-json\/wp\/v2\/comments?post=3742"}],"version-history":[{"count":2,"href":"https:\/\/portan.com\/en\/wp-json\/wp\/v2\/pages\/3742\/revisions"}],"predecessor-version":[{"id":3973,"href":"https:\/\/portan.com\/en\/wp-json\/wp\/v2\/pages\/3742\/revisions\/3973"}],"wp:attachment":[{"href":"https:\/\/portan.com\/en\/wp-json\/wp\/v2\/media?parent=3742"}],"curies":[{"name":"wp","href":"https:\/\/api.w.org\/{rel}","templated":true}]}}