{"id":423,"date":"2016-08-29T14:21:56","date_gmt":"2016-08-29T14:21:56","guid":{"rendered":"http:\/\/localhost\/y\/material\/?page_id=423"},"modified":"2022-05-06T22:46:30","modified_gmt":"2022-05-06T22:46:30","slug":"como-lo-hacemos","status":"publish","type":"page","link":"https:\/\/portan.com\/en\/como-lo-hacemos\/","title":{"rendered":"\u00bfHow do we do it?"},"content":{"rendered":"<p>{\u00abmain-title\u00bb:{\u00abcomponent\u00bb:\u00bbhc_title\u00bb,\u00bbid\u00bb:\u00bbmain-title\u00bb,\u00bbsubtitle\u00bb:\u00bb\u00bb,\u00bbtitle_content\u00bb:{\u00abcomponent\u00bb:\u00bbhc_title_empty\u00bb,\u00bbid\u00bb:\u00bbtitle-empty\u00bb},\u00bbtitle\u00bb:\u00bb\u00bfC\u00f3mo lo hacemos?\u00bb},\u00bbsection_5ZtkF\u00bb:{\u00abcomponent\u00bb:\u00bbhc_section\u00bb,\u00bbid\u00bb:\u00bbsection_5ZtkF\u00bb,\u00bbsection_width\u00bb:\u00bb\u00bb,\u00bbanimation\u00bb:\u00bb\u00bb,\u00bbanimation_time\u00bb:\u00bb\u00bb,\u00bbtimeline_animation\u00bb:\u00bb\u00bb,\u00bbtimeline_delay\u00bb:\u00bb\u00bb,\u00bbtimeline_order\u00bb:\u00bb\u00bb,\u00bbvertical_row\u00bb:\u00bb\u00bb,\u00bbbox_middle\u00bb:\u00bb\u00bb,\u00bbcss_classes\u00bb:\u00bb\u00bb,\u00bbcustom_css_classes\u00bb:\u00bb\u00bb,\u00bbcustom_css_styles\u00bb:\u00bb\u00bb,\u00bbsection_content\u00bb:[{\u00abcomponent\u00bb:\u00bbhc_column\u00bb,\u00bbid\u00bb:\u00bbcolumn_MVjFq\u00bb,\u00bbcolumn_width\u00bb:\u00bbcol-md-12&#8243;,\u00bbanimation\u00bb:\u00bb\u00bb,\u00bbanimation_time\u00bb:\u00bb\u00bb,\u00bbtimeline_animation\u00bb:\u00bb\u00bb,\u00bbtimeline_delay\u00bb:\u00bb\u00bb,\u00bbtimeline_order\u00bb:\u00bb\u00bb,\u00bbcss_classes\u00bb:\u00bb\u00bb,\u00bbcustom_css_classes\u00bb:\u00bb\u00bb,\u00bbcustom_css_styles\u00bb:\u00bb\u00bb,\u00bbmain_content\u00bb:[{\u00abcomponent\u00bb:\u00bbhc_space\u00bb,\u00bbid\u00bb:\u00bb4Y78Q\u00bb,\u00bbcss_classes\u00bb:\u00bb\u00bb,\u00bbcustom_css_classes\u00bb:\u00bb\u00bb,\u00bbcustom_css_styles\u00bb:\u00bb\u00bb,\u00bbsize\u00bb:\u00bbxs\u00bb},{\u00abcomponent\u00bb:\u00bbhc_title_tag\u00bb,\u00bbid\u00bb:\u00bbpT4Ws\u00bb,\u00bbcss_classes\u00bb:\u00bbtext-center text-xl \u00ab,\u00bbcustom_css_classes\u00bb:\u00bb\u00bb,\u00bbcustom_css_styles\u00bb:\u00bb\u00bb,\u00bbtext\u00bb:\u00bb\u00bfC\u00d3MO LO HACEMOS?\u00bb,\u00bbtag\u00bb:\u00bbh2&#8243;},{\u00abcomponent\u00bb:\u00bbhc_text_block\u00bb,\u00bbid\u00bb:\u00bbmJJyQ\u00bb,\u00bbcss_classes\u00bb:\u00bbtext-center \u00ab,\u00bbcustom_css_classes\u00bb:\u00bb\u00bb,\u00bbcustom_css_styles\u00bb:\u00bb\u00bb,\u00bbcontent\u00bb:\u00bbConozca el paso a paso del proceso de mudanza con PORTAN\u00bb},{\u00abcomponent\u00bb:\u00bbhc_space\u00bb,\u00bbid\u00bb:\u00bbdgtD8&#8243;,\u00bbcss_classes\u00bb:\u00bb\u00bb,\u00bbcustom_css_classes\u00bb:\u00bb\u00bb,\u00bbcustom_css_styles\u00bb:\u00bb\u00bb,\u00bbsize\u00bb:\u00bb\u00bb},{\u00abcomponent\u00bb:\u00bbhc_timeline\u00bb,\u00bbid\u00bb:\u00bbcomhG\u00bb,\u00bbcss_classes\u00bb:\u00bb\u00bb,\u00bbcustom_css_classes\u00bb:\u00bb\u00bb,\u00bbcustom_css_styles\u00bb:\u00bb\u00bb,\u00bbrows\u00bb:[{\u00abcomponent\u00bb:\u00bbrepeater_item\u00bb,\u00bbid\u00bb:\u00bbfGHrq\u00bb,\u00bbtitle\u00bb:\u00bbVISITA PRE-MUDANZA\u00bb,\u00bbsubtitle\u00bb:\u00bb\u00bb,\u00bbcontent\u00bb:\u00bb<img src=\\\"\/wp-content\/uploads\/2016\/12\/visita_pre_mudanza.gif\\\" style=\\\"width: 30%;margin-right: 10px;float: left;\\\"><\/p>\n<p style=\\\"text-align: justify;\\\">Realizamos una visita con el fin de determinar el volumen y caracter\u00edsticas especiales de la mudanza. Igualmente asesoramos de manera profesional sobre aspectos puntuales como requerimientos aduanales para la exportaci\u00f3n o importaci\u00f3n.<\/p>\n<p>\u00ab,\u00bbposition\u00bb:\u00bb\u00bb,\u00bbdate\u00bb:\u00bb1&#8243;,\u00bbdate_subtitle\u00bb:\u00bbPaso\u00bb},{\u00abcomponent\u00bb:\u00bbrepeater_item\u00bb,\u00bbid\u00bb:\u00bbbooaL\u00bb,\u00bbtitle\u00bb:\u00bbCOTIZACI\u00d3N\u00bb,\u00bbsubtitle\u00bb:\u00bb\u00bb,\u00bbcontent\u00bb:\u00bb<img src=\\\"\/wp-content\/uploads\/2016\/12\/cotizacion.gif\\\" style=\\\"width: 30%;margin-right: 10px;float: left;\\\"><\/p>\n<p style=\\\"text-align: justify;\\\">Basados en la visita realizada se presenta una cotizaci\u00f3n de servicio puerta a puerta teniendo en cuenta las mejores opciones de costo\/beneficio para cada caso.<\/p>\n<p>\u00ab,\u00bbposition\u00bb:\u00bbright\u00bb,\u00bbdate\u00bb:\u00bb2&#8243;,\u00bbdate_subtitle\u00bb:\u00bbPaso\u00bb},{\u00abcomponent\u00bb:\u00bbrepeater_item\u00bb,\u00bbid\u00bb:\u00bbJFDg1&#8243;,\u00bbtitle\u00bb:\u00bbAPROBACI\u00d3N DE LA COTIZACI\u00d3N + INICIO DEL PROCESO DE MUDANZA\u00bb,\u00bbsubtitle\u00bb:\u00bb\u00bb,\u00bbcontent\u00bb:\u00bb<img src=\\\"\/wp-content\/uploads\/2016\/12\/Aprobacion_cotizacion_inicio_proceso_mudanza.gif\\\" style=\\\"width: 30%;margin-right: 10px;float: left;\\\"><\/p>\n<p style=\\\"text-align: justify;\\\">Una vez la cotizaci\u00f3n es aprobada, se agendan las fechas de empaque de acuerdo a sus necesidades y a los documentos requeridos. Nuestro departamento de operaciones y aduanas lo asistir\u00e1n con cualquier inquietud o necesidad que pueda tener. Documentaci\u00f3n para aduanas y valoraci\u00f3n del inventario debe estar listo antes del empaque.<\/p>\n<p>\u00ab,\u00bbposition\u00bb:\u00bb\u00bb,\u00bbdate\u00bb:\u00bb3&#8243;,\u00bbdate_subtitle\u00bb:\u00bbPaso\u00bb},{\u00abcomponent\u00bb:\u00bbrepeater_item\u00bb,\u00bbid\u00bb:\u00bbE3noK\u00bb,\u00bbtitle\u00bb:\u00bbEMPAQUE\u00bb,\u00bbsubtitle\u00bb:\u00bb\u00bb,\u00bbcontent\u00bb:\u00bb<img src=\\\"\/wp-content\/uploads\/2016\/12\/empaque.gif\\\" style=\\\"width: 30%;margin-right: 10px;float: left;\\\"><\/p>\n<p style=\\\"text-align: justify;\\\">Se usa material de empaque nuevo y amigable con el medio ambiente. El empaque es realizado por personal profesional dentro del cual se incluye un equipo de mujeres para empaque y manipulaci\u00f3n de art\u00edculos personales. \\nFinalizado el empaque se realiza un inventario como control de piezas empacadas y entregadas en destino.<\/p>\n<p>\u00ab,\u00bbposition\u00bb:\u00bbright\u00bb,\u00bbdate\u00bb:\u00bb4&#8243;,\u00bbdate_subtitle\u00bb:\u00bbPaso\u00bb},{\u00abcomponent\u00bb:\u00bbrepeater_item\u00bb,\u00bbid\u00bb:\u00bbpk3NK\u00bb,\u00bbtitle\u00bb:\u00bbTRANSPORTE MAR\u00cdTIMO O A\u00c9REO\u00bb,\u00bbsubtitle\u00bb:\u00bb\u00bb,\u00bbcontent\u00bb:\u00bb<img src=\\\"\/wp-content\/uploads\/2016\/12\/transporte_maritimo_aereo.gif\\\" style=\\\"width: 30%;margin-right: 10px;float: left;\\\"><\/p>\n<p style=\\\"text-align: justify;\\\">Para la v\u00eda mar\u00edtima el contenedor es transportado al puerto de despacho bajo las m\u00e1s altas medidas de seguridad. Las cargas a\u00e9reas son preparadas en nuestras bodegas y transportadas al aeropuerto de salida.<\/p>\n<p>\u00ab,\u00bbposition\u00bb:\u00bb\u00bb,\u00bbdate\u00bb:\u00bb5&#8243;,\u00bbdate_subtitle\u00bb:\u00bbPaso\u00bb},{\u00abcomponent\u00bb:\u00bbrepeater_item\u00bb,\u00bbid\u00bb:\u00bbpOxCX\u00bb,\u00bbtitle\u00bb:\u00bbTR\u00c1MITE DE EXPORTACI\u00d3N\u00bb,\u00bbsubtitle\u00bb:\u00bb\u00bb,\u00bbcontent\u00bb:\u00bb<img src=\\\"\/wp-content\/uploads\/2016\/12\/tramite_de_exportacion.gif\\\" style=\\\"width: 30%;margin-right: 10px;float: left;\\\"><\/p>\n<p style=\\\"text-align: justify;\\\">Se realizan tr\u00e1mites aduanales de exportaci\u00f3n tanto en puerto como aeropuerto de salida cumpliendo con todos los requisitos exigidos por las autoridades correspondientes.<\/p>\n<p>\u00ab,\u00bbposition\u00bb:\u00bbright\u00bb,\u00bbdate\u00bb:\u00bb6&#8243;,\u00bbdate_subtitle\u00bb:\u00bbPaso\u00bb},{\u00abcomponent\u00bb:\u00bbrepeater_item\u00bb,\u00bbid\u00bb:\u00bbU6tuJ\u00bb,\u00bbtitle\u00bb:\u00bbENV\u00cdO\u00bb,\u00bbsubtitle\u00bb:\u00bb\u00bb,\u00bbcontent\u00bb:\u00bb<img src=\\\"\/wp-content\/uploads\/2016\/12\/envio.gif\\\" style=\\\"width: 30%;margin-right: 10px;float: left;\\\"><\/p>\n<p style=\\\"text-align: justify;\\\">La carga es transportada v\u00eda a\u00e9rea o mar\u00edtima al puerto o aeropuerto de destino seg\u00fan sus necesidades.<\/p>\n<p>\u00ab,\u00bbposition\u00bb:\u00bb\u00bb,\u00bbdate\u00bb:\u00bb7&#8243;,\u00bbdate_subtitle\u00bb:\u00bbPaso\u00bb},{\u00abcomponent\u00bb:\u00bbrepeater_item\u00bb,\u00bbid\u00bb:\u00bb3Fmoe\u00bb,\u00bbtitle\u00bb:\u00bbTR\u00c1MITE DE IMPORTACI\u00d3N\u00bb,\u00bbsubtitle\u00bb:\u00bb\u00bb,\u00bbcontent\u00bb:\u00bb<img src=\\\"\/wp-content\/uploads\/2016\/12\/tramite_de_importacion.gif\\\" style=\\\"width: 30%;margin-right: 10px;float: left;\\\"><\/p>\n<p style=\\\"text-align: justify;\\\">Este proceso es realizado por un agente corresponsal nuestro en la ciudad de destino cumpliendo con las regulaciones aduanales correspondientes.<\/p>\n<p>\u00ab,\u00bbposition\u00bb:\u00bbright\u00bb,\u00bbdate\u00bb:\u00bb8&#8243;,\u00bbdate_subtitle\u00bb:\u00bbPaso\u00bb},{\u00abcomponent\u00bb:\u00bbrepeater_item\u00bb,\u00bbid\u00bb:\u00bbUmVZO\u00bb,\u00bbtitle\u00bb:\u00bbENTREGA Y DESEMPAQUE\u00bb,\u00bbsubtitle\u00bb:\u00bb\u00bb,\u00bbcontent\u00bb:\u00bb<img src=\\\"\/wp-content\/uploads\/2016\/12\/entrega_desempaque.gif\\\" style=\\\"width: 30%;margin-right: 10px;float: left;\\\"><\/p>\n<p style=\\\"text-align: justify;\\\">\\n<br \/>Una vez la carga es liberada de aduana es transportada a la residencia de destino para su correspondiente entrega y desempaque.<\/p>\n<p>\u00ab,\u00bbposition\u00bb:\u00bb\u00bb,\u00bbdate\u00bb:\u00bb9&#8243;,\u00bbdate_subtitle\u00bb:\u00bbPaso\u00bb}]},{\u00abcomponent\u00bb:\u00bbhc_column\u00bb,\u00bbid\u00bb:\u00bbcolumn_JlLuw\u00bb,\u00bbcolumn_width\u00bb:\u00bbcol-md-12&#8243;,\u00bbanimation\u00bb:\u00bb\u00bb,\u00bbanimation_time\u00bb:\u00bb\u00bb,\u00bbtimeline_animation\u00bb:\u00bb\u00bb,\u00bbtimeline_delay\u00bb:\u00bb\u00bb,\u00bbtimeline_order\u00bb:\u00bb\u00bb,\u00bbcss_classes\u00bb:\u00bbno-paddings no-margins \u00ab,\u00bbcustom_css_classes\u00bb:\u00bb\u00bb,\u00bbcustom_css_styles\u00bb:\u00bb\u00bb,\u00bbmain_content\u00bb:[{\u00abcomponent\u00bb:\u00bbhc_space\u00bb,\u00bbid\u00bb:\u00bb60DVh\u00bb,\u00bbcss_classes\u00bb:\u00bb\u00bb,\u00bbcustom_css_classes\u00bb:\u00bb\u00bb,\u00bbcustom_css_styles\u00bb:\u00bb\u00bb,\u00bbsize\u00bb:\u00bbs\u00bb},{\u00abcomponent\u00bb:\u00bbhc_button\u00bb,\u00bbid\u00bb:\u00bbOtvk3&#8243;,\u00bbcss_classes\u00bb:\u00bb\u00bb,\u00bbcustom_css_classes\u00bb:\u00bb\u00bb,\u00bbcustom_css_styles\u00bb:\u00bb\u00bb,\u00bbicon\u00bb:\u00bbim-telephone\u00bb,\u00bbstyle\u00bb:\u00bbsquare\u00bb,\u00bbsize\u00bb:\u00bbbtn-lg\u00bb,\u00bbposition\u00bb:\u00bbcenter\u00bb,\u00bbanimation\u00bb:true,\u00bbtext\u00bb:\u00bbCotizar\u00bb,\u00bblink_type\u00bb:\u00bbclassic\u00bb,\u00bblink\u00bb:\u00bbhttp:\/\/www.portan.com\/contactenos\/\u00bb,\u00bblightbox_animation\u00bb:\u00bb\u00bb,\u00bbcaption\u00bb:\u00bb\u00bb,\u00bbinner_caption\u00bb:false,\u00bbnew_window\u00bb:true,\u00bblink_content\u00bb:[],\u00bblightbox_size\u00bb:\u00bb\u00bb,\u00bbscrollbox\u00bb:false},{\u00abcomponent\u00bb:\u00bbhc_space\u00bb,\u00bbid\u00bb:\u00bb48K8u\u00bb,\u00bbcss_classes\u00bb:\u00bb\u00bb,\u00bbcustom_css_classes\u00bb:\u00bb\u00bb,\u00bbcustom_css_styles\u00bb:\u00bb\u00bb,\u00bbsize\u00bb:\u00bbs\u00bb}]}]}],\u00bbsection_settings\u00bb:\u00bb\u00bb},\u00bbscripts\u00bb:{\u00abcomponents\u00bb:\u00bbjquery.tab-accordion.js\u00bb},\u00bbcss\u00bb:{\u00abcomponents\u00bb:\u00bbcss\/components.css\u00bb},\u00bbcss_page\u00bb:\u00bb\u00bb,\u00bbtemplate_setting\u00bb:{\u00absettings\u00bb:{\u00abid\u00bb:\u00bbsettings\u00bb},\u00bbtemplate_video\u00bb:{\u00abcomponent\u00bb:\u00bbhc_upload_video\u00bb,\u00bbid\u00bb:\u00bbtemplate_video\u00bb,\u00bblink\u00bb:\u00bbhttp:\/\/themes.framework-y.com\/demo-import\/elon\/2016\/12\/video-2.mp4&#8243;,\u00bbimage\u00bb:\u00bbhttp:\/\/themes.framework-y.com\/demo-import\/elon\/2016\/12\/video-2-poster.jpg|375|686|2531&#8243;}},\u00bbtemplate_setting_top\u00bb:{},\u00bbpage_setting\u00bb:{\u00absettings\u00bb:[\u00ablock-mode-off\u00bb]}}<\/p>\n","protected":false},"excerpt":{"rendered":"<p>{\u00abmain-title\u00bb:{\u00abcomponent\u00bb:\u00bbhc_title\u00bb,\u00bbid\u00bb:\u00bbmain-title\u00bb,\u00bbsubtitle\u00bb:\u00bb\u00bb,\u00bbtitle_content\u00bb:{\u00abcomponent\u00bb:\u00bbhc_title_empty\u00bb,\u00bbid\u00bb:\u00bbtitle-empty\u00bb},\u00bbtitle\u00bb:\u00bb\u00bfC\u00f3mo lo hacemos?\u00bb},\u00bbsection_5ZtkF\u00bb:{\u00abcomponent\u00bb:\u00bbhc_section\u00bb,\u00bbid\u00bb:\u00bbsection_5ZtkF\u00bb,\u00bbsection_width\u00bb:\u00bb\u00bb,\u00bbanimation\u00bb:\u00bb\u00bb,\u00bbanimation_time\u00bb:\u00bb\u00bb,\u00bbtimeline_animation\u00bb:\u00bb\u00bb,\u00bbtimeline_delay\u00bb:\u00bb\u00bb,\u00bbtimeline_order\u00bb:\u00bb\u00bb,\u00bbvertical_row\u00bb:\u00bb\u00bb,\u00bbbox_middle\u00bb:\u00bb\u00bb,\u00bbcss_classes\u00bb:\u00bb\u00bb,\u00bbcustom_css_classes\u00bb:\u00bb\u00bb,\u00bbcustom_css_styles\u00bb:\u00bb\u00bb,\u00bbsection_content\u00bb:[{\u00abcomponent\u00bb:\u00bbhc_column\u00bb,\u00bbid\u00bb:\u00bbcolumn_MVjFq\u00bb,\u00bbcolumn_width\u00bb:\u00bbcol-md-12&#8243;,\u00bbanimation\u00bb:\u00bb\u00bb,\u00bbanimation_time\u00bb:\u00bb\u00bb,\u00bbtimeline_animation\u00bb:\u00bb\u00bb,\u00bbtimeline_delay\u00bb:\u00bb\u00bb,\u00bbtimeline_order\u00bb:\u00bb\u00bb,\u00bbcss_classes\u00bb:\u00bb\u00bb,\u00bbcustom_css_classes\u00bb:\u00bb\u00bb,\u00bbcustom_css_styles\u00bb:\u00bb\u00bb,\u00bbmain_content\u00bb:[{\u00abcomponent\u00bb:\u00bbhc_space\u00bb,\u00bbid\u00bb:\u00bb4Y78Q\u00bb,\u00bbcss_classes\u00bb:\u00bb\u00bb,\u00bbcustom_css_classes\u00bb:\u00bb\u00bb,\u00bbcustom_css_styles\u00bb:\u00bb\u00bb,\u00bbsize\u00bb:\u00bbxs\u00bb},{\u00abcomponent\u00bb:\u00bbhc_title_tag\u00bb,\u00bbid\u00bb:\u00bbpT4Ws\u00bb,\u00bbcss_classes\u00bb:\u00bbtext-center text-xl \u00ab,\u00bbcustom_css_classes\u00bb:\u00bb\u00bb,\u00bbcustom_css_styles\u00bb:\u00bb\u00bb,\u00bbtext\u00bb:\u00bb\u00bfC\u00d3MO LO HACEMOS?\u00bb,\u00bbtag\u00bb:\u00bbh2&#8243;},{\u00abcomponent\u00bb:\u00bbhc_text_block\u00bb,\u00bbid\u00bb:\u00bbmJJyQ\u00bb,\u00bbcss_classes\u00bb:\u00bbtext-center \u00ab,\u00bbcustom_css_classes\u00bb:\u00bb\u00bb,\u00bbcustom_css_styles\u00bb:\u00bb\u00bb,\u00bbcontent\u00bb:\u00bbConozca el paso a paso del proceso de mudanza con PORTAN\u00bb},{\u00abcomponent\u00bb:\u00bbhc_space\u00bb,\u00bbid\u00bb:\u00bbdgtD8&#8243;,\u00bbcss_classes\u00bb:\u00bb\u00bb,\u00bbcustom_css_classes\u00bb:\u00bb\u00bb,\u00bbcustom_css_styles\u00bb:\u00bb\u00bb,\u00bbsize\u00bb:\u00bb\u00bb},{\u00abcomponent\u00bb:\u00bbhc_timeline\u00bb,\u00bbid\u00bb:\u00bbcomhG\u00bb,\u00bbcss_classes\u00bb:\u00bb\u00bb,\u00bbcustom_css_classes\u00bb:\u00bb\u00bb,\u00bbcustom_css_styles\u00bb:\u00bb\u00bb,\u00bbrows\u00bb:[{\u00abcomponent\u00bb:\u00bbrepeater_item\u00bb,\u00bbid\u00bb:\u00bbfGHrq\u00bb,\u00bbtitle\u00bb:\u00bbVISITA PRE-MUDANZA\u00bb,\u00bbsubtitle\u00bb:\u00bb\u00bb,\u00bbcontent\u00bb:\u00bb Realizamos una visita con el fin de determinar el volumen y caracter\u00edsticas especiales de la mudanza. Igualmente asesoramos de manera profesional sobre aspectos puntuales como requerimientos aduanales para la exportaci\u00f3n o importaci\u00f3n. \u00ab,\u00bbposition\u00bb:\u00bb\u00bb,\u00bbdate\u00bb:\u00bb1&#8243;,\u00bbdate_subtitle\u00bb:\u00bbPaso\u00bb},{\u00abcomponent\u00bb:\u00bbrepeater_item\u00bb,\u00bbid\u00bb:\u00bbbooaL\u00bb,\u00bbtitle\u00bb:\u00bbCOTIZACI\u00d3N\u00bb,\u00bbsubtitle\u00bb:\u00bb\u00bb,\u00bbcontent\u00bb:\u00bb Basados en la [&hellip;]<\/p>\n","protected":false},"author":1,"featured_media":0,"parent":0,"menu_order":0,"comment_status":"closed","ping_status":"closed","template":"template-background-video.php","meta":{"footnotes":""},"class_list":["post-423","page","type-page","status-publish","hentry"],"yoast_head":"<!-- This site is optimized with the Yoast SEO plugin v26.9 - https:\/\/yoast.com\/product\/yoast-seo-wordpress\/ -->\n<title>\u00bfC\u00f3mo lo hacemos? - Portan S.A.S.<\/title>\n<meta name=\"description\" content=\"Conozca el paso a paso del proceso de mudanza con PORTAN\" \/>\n<meta name=\"robots\" content=\"index, follow, max-snippet:-1, max-image-preview:large, max-video-preview:-1\" \/>\n<link rel=\"canonical\" href=\"https:\/\/portan.com\/en\/como-lo-hacemos\/\" \/>\n<meta property=\"og:locale\" content=\"en_US\" \/>\n<meta property=\"og:type\" content=\"article\" \/>\n<meta property=\"og:title\" content=\"\u00bfC\u00f3mo lo hacemos? - Portan S.A.S.\" \/>\n<meta property=\"og:description\" content=\"Conozca el paso a paso del proceso de mudanza con PORTAN\" \/>\n<meta property=\"og:url\" content=\"https:\/\/portan.com\/en\/como-lo-hacemos\/\" \/>\n<meta property=\"og:site_name\" content=\"Portan S.A.S.\" \/>\n<meta property=\"article:modified_time\" content=\"2022-05-06T22:46:30+00:00\" \/>\n<meta name=\"twitter:card\" content=\"summary_large_image\" \/>\n<meta name=\"twitter:label1\" content=\"Est. reading time\" \/>\n\t<meta name=\"twitter:data1\" content=\"4 minutes\" \/>\n<script type=\"application\/ld+json\" class=\"yoast-schema-graph\">{\"@context\":\"https:\/\/schema.org\",\"@graph\":[{\"@type\":\"WebPage\",\"@id\":\"https:\/\/portan.com\/como-lo-hacemos\/\",\"url\":\"https:\/\/portan.com\/como-lo-hacemos\/\",\"name\":\"\u00bfC\u00f3mo lo hacemos? - Portan S.A.S.\",\"isPartOf\":{\"@id\":\"https:\/\/portan.com\/#website\"},\"datePublished\":\"2016-08-29T14:21:56+00:00\",\"dateModified\":\"2022-05-06T22:46:30+00:00\",\"description\":\"Conozca el paso a paso del proceso de mudanza con PORTAN\",\"breadcrumb\":{\"@id\":\"https:\/\/portan.com\/como-lo-hacemos\/#breadcrumb\"},\"inLanguage\":\"en-US\",\"potentialAction\":[{\"@type\":\"ReadAction\",\"target\":[\"https:\/\/portan.com\/como-lo-hacemos\/\"]}]},{\"@type\":\"BreadcrumbList\",\"@id\":\"https:\/\/portan.com\/como-lo-hacemos\/#breadcrumb\",\"itemListElement\":[{\"@type\":\"ListItem\",\"position\":1,\"name\":\"Home\",\"item\":\"https:\/\/portan.com\/\"},{\"@type\":\"ListItem\",\"position\":2,\"name\":\"\u00bfC\u00f3mo lo hacemos?\"}]},{\"@type\":\"WebSite\",\"@id\":\"https:\/\/portan.com\/#website\",\"url\":\"https:\/\/portan.com\/\",\"name\":\"Portan S.A.S.\",\"description\":\"Especialistas en mudanzas internacionales\",\"publisher\":{\"@id\":\"https:\/\/portan.com\/#organization\"},\"potentialAction\":[{\"@type\":\"SearchAction\",\"target\":{\"@type\":\"EntryPoint\",\"urlTemplate\":\"https:\/\/portan.com\/?s={search_term_string}\"},\"query-input\":{\"@type\":\"PropertyValueSpecification\",\"valueRequired\":true,\"valueName\":\"search_term_string\"}}],\"inLanguage\":\"en-US\"},{\"@type\":\"Organization\",\"@id\":\"https:\/\/portan.com\/#organization\",\"name\":\"Portan S.A.S.\",\"url\":\"https:\/\/portan.com\/\",\"logo\":{\"@type\":\"ImageObject\",\"inLanguage\":\"en-US\",\"@id\":\"https:\/\/portan.com\/#\/schema\/logo\/image\/\",\"url\":\"https:\/\/portan.com\/wp-content\/uploads\/2016\/12\/portan_logo_web2025.png\",\"contentUrl\":\"https:\/\/portan.com\/wp-content\/uploads\/2016\/12\/portan_logo_web2025.png\",\"width\":222,\"height\":52,\"caption\":\"Portan S.A.S.\"},\"image\":{\"@id\":\"https:\/\/portan.com\/#\/schema\/logo\/image\/\"}}]}<\/script>\n<!-- \/ Yoast SEO plugin. -->","yoast_head_json":{"title":"\u00bfC\u00f3mo lo hacemos? - Portan S.A.S.","description":"Know the step by step of the moving process with PORTAN","robots":{"index":"index","follow":"follow","max-snippet":"max-snippet:-1","max-image-preview":"max-image-preview:large","max-video-preview":"max-video-preview:-1"},"canonical":"https:\/\/portan.com\/en\/como-lo-hacemos\/","og_locale":"en_US","og_type":"article","og_title":"\u00bfC\u00f3mo lo hacemos? - Portan S.A.S.","og_description":"Conozca el paso a paso del proceso de mudanza con PORTAN","og_url":"https:\/\/portan.com\/en\/como-lo-hacemos\/","og_site_name":"Portan S.A.S.","article_modified_time":"2022-05-06T22:46:30+00:00","twitter_card":"summary_large_image","twitter_misc":{"Est. reading time":"4 minutes"},"schema":{"@context":"https:\/\/schema.org","@graph":[{"@type":"WebPage","@id":"https:\/\/portan.com\/como-lo-hacemos\/","url":"https:\/\/portan.com\/como-lo-hacemos\/","name":"\u00bfC\u00f3mo lo hacemos? - Portan S.A.S.","isPartOf":{"@id":"https:\/\/portan.com\/#website"},"datePublished":"2016-08-29T14:21:56+00:00","dateModified":"2022-05-06T22:46:30+00:00","description":"Know the step by step of the moving process with PORTAN","breadcrumb":{"@id":"https:\/\/portan.com\/como-lo-hacemos\/#breadcrumb"},"inLanguage":"en-US","potentialAction":[{"@type":"ReadAction","target":["https:\/\/portan.com\/como-lo-hacemos\/"]}]},{"@type":"BreadcrumbList","@id":"https:\/\/portan.com\/como-lo-hacemos\/#breadcrumb","itemListElement":[{"@type":"ListItem","position":1,"name":"Home","item":"https:\/\/portan.com\/"},{"@type":"ListItem","position":2,"name":"\u00bfC\u00f3mo lo hacemos?"}]},{"@type":"WebSite","@id":"https:\/\/portan.com\/#website","url":"https:\/\/portan.com\/","name":"Portan S.A.S.","description":"Especialistas en mudanzas internacionales","publisher":{"@id":"https:\/\/portan.com\/#organization"},"potentialAction":[{"@type":"SearchAction","target":{"@type":"EntryPoint","urlTemplate":"https:\/\/portan.com\/?s={search_term_string}"},"query-input":{"@type":"PropertyValueSpecification","valueRequired":true,"valueName":"search_term_string"}}],"inLanguage":"en-US"},{"@type":"Organization","@id":"https:\/\/portan.com\/#organization","name":"Portan S.A.S.","url":"https:\/\/portan.com\/","logo":{"@type":"ImageObject","inLanguage":"en-US","@id":"https:\/\/portan.com\/#\/schema\/logo\/image\/","url":"https:\/\/portan.com\/wp-content\/uploads\/2016\/12\/portan_logo_web2025.png","contentUrl":"https:\/\/portan.com\/wp-content\/uploads\/2016\/12\/portan_logo_web2025.png","width":222,"height":52,"caption":"Portan S.A.S."},"image":{"@id":"https:\/\/portan.com\/#\/schema\/logo\/image\/"}}]}},"_links":{"self":[{"href":"https:\/\/portan.com\/en\/wp-json\/wp\/v2\/pages\/423","targetHints":{"allow":["GET"]}}],"collection":[{"href":"https:\/\/portan.com\/en\/wp-json\/wp\/v2\/pages"}],"about":[{"href":"https:\/\/portan.com\/en\/wp-json\/wp\/v2\/types\/page"}],"author":[{"embeddable":true,"href":"https:\/\/portan.com\/en\/wp-json\/wp\/v2\/users\/1"}],"replies":[{"embeddable":true,"href":"https:\/\/portan.com\/en\/wp-json\/wp\/v2\/comments?post=423"}],"version-history":[{"count":47,"href":"https:\/\/portan.com\/en\/wp-json\/wp\/v2\/pages\/423\/revisions"}],"predecessor-version":[{"id":4272,"href":"https:\/\/portan.com\/en\/wp-json\/wp\/v2\/pages\/423\/revisions\/4272"}],"wp:attachment":[{"href":"https:\/\/portan.com\/en\/wp-json\/wp\/v2\/media?parent=423"}],"curies":[{"name":"wp","href":"https:\/\/api.w.org\/{rel}","templated":true}]}}